{"id":52,"date":"2015-09-05T12:20:30","date_gmt":"2015-09-05T12:20:30","guid":{"rendered":"http:\/\/sa-auto-langerhuse.dk\/?page_id=52"},"modified":"2018-01-30T06:24:27","modified_gmt":"2018-01-30T06:24:27","slug":"aircon-service-polering","status":"publish","type":"page","link":"https:\/\/sa-auto-langerhuse.dk\/?page_id=52","title":{"rendered":"Aircon service &#038; Polering"},"content":{"rendered":"<p>Vi kan nu servicere din aircon og klima anl\u00e6g i bilen<br \/>\nVi kan nu ogs\u00e5 lave kabine rensning hvor bilen bliver frisket op med aircon rens og rensning af m\u00e5tter og s\u00e6der , samt polering i flere kategorier, b\u00e5de lak rens og lakforsegling<\/p>\n","protected":false},"excerpt":{"rendered":"<p>Vi kan nu servicere din aircon og klima anl\u00e6g i bilen Vi kan nu ogs\u00e5 lave kabine rensning hvor bilen bliver frisket op med aircon rens og rensning af m\u00e5tter og s\u00e6der , samt polering i flere kategorier, b\u00e5de lak &hellip; <a href=\"https:\/\/sa-auto-langerhuse.dk\/?page_id=52\">L\u00e6s resten <span class=\"meta-nav\">&rarr;<\/span><\/a><\/p>\n","protected":false},"author":1,"featured_media":0,"parent":95,"menu_order":0,"comment_status":"closed","ping_status":"closed","template":"","meta":{"footnotes":""},"class_list":["post-52","page","type-page","status-publish","hentry"],"_links":{"self":[{"href":"https:\/\/sa-auto-langerhuse.dk\/index.php?rest_route=\/wp\/v2\/pages\/52","targetHints":{"allow":["GET"]}}],"collection":[{"href":"https:\/\/sa-auto-langerhuse.dk\/index.php?rest_route=\/wp\/v2\/pages"}],"about":[{"href":"https:\/\/sa-auto-langerhuse.dk\/index.php?rest_route=\/wp\/v2\/types\/page"}],"author":[{"embeddable":true,"href":"https:\/\/sa-auto-langerhuse.dk\/index.php?rest_route=\/wp\/v2\/users\/1"}],"replies":[{"embeddable":true,"href":"https:\/\/sa-auto-langerhuse.dk\/index.php?rest_route=%2Fwp%2Fv2%2Fcomments&post=52"}],"version-history":[{"count":0,"href":"https:\/\/sa-auto-langerhuse.dk\/index.php?rest_route=\/wp\/v2\/pages\/52\/revisions"}],"up":[{"embeddable":true,"href":"https:\/\/sa-auto-langerhuse.dk\/index.php?rest_route=\/wp\/v2\/pages\/95"}],"wp:attachment":[{"href":"https:\/\/sa-auto-langerhuse.dk\/index.php?rest_route=%2Fwp%2Fv2%2Fmedia&parent=52"}],"curies":[{"name":"wp","href":"https:\/\/api.w.org\/{rel}","templated":true}]}}