{"id":26,"date":"2014-04-15T17:26:24","date_gmt":"2014-04-15T17:26:24","guid":{"rendered":"http:\/\/sa-auto-langerhuse.dk\/?page_id=26"},"modified":"2022-11-10T17:02:29","modified_gmt":"2022-11-10T17:02:29","slug":"abningstider-kontakt","status":"publish","type":"page","link":"https:\/\/sa-auto-langerhuse.dk\/?page_id=26","title":{"rendered":"\u00c5bningstider &#038; Kontakt"},"content":{"rendered":"<h1>\u00c5BNINGSTIDER &amp; KONTAKT<\/h1>\n<div>\n<p><strong>\u00c5bningstider V\u00e6rksted<\/strong><\/p>\n<p><strong>Mandag -Torsdag 7 &#8211; 16<\/strong><\/p>\n<p><strong>Fredag 7:00 &#8211; 12:00<\/strong><\/p>\n<p><strong>L\u00f8rdag &amp; S\u00f8ndag\u00a0 Lukket<\/strong><\/p>\n<p><strong>Ved akut brug for hj\u00e6lp kan <span id=\"OBJ_PREFIX_DWT448_com_zimbra_date\" class=\"Object\" role=\"link\">man<\/span> ringe\u00a0 93 55 50 05 07<\/strong><\/p>\n<p><strong>Salgsafdeling 9 &#8211; 16\u00a0 hverdag , aften &amp; weekend efter aftale<\/strong><\/p>\n<p><strong>Mail:<a href=\"mailto:saauto.andersen@gmail.com\">\u00a0saauto.andersen@gmail.com<\/a><\/strong><\/p>\n<p><strong>Svend Andersen<\/strong><\/p>\n<p><strong>Tlf: 93 55 05 07<\/strong><\/p>\n<\/div>\n","protected":false},"excerpt":{"rendered":"<p>\u00c5BNINGSTIDER &amp; KONTAKT \u00c5bningstider V\u00e6rksted Mandag -Torsdag 7 &#8211; 16 Fredag 7:00 &#8211; 12:00 L\u00f8rdag &amp; S\u00f8ndag\u00a0 Lukket Ved akut brug for hj\u00e6lp kan man ringe\u00a0 93 55 50 05 07 Salgsafdeling 9 &#8211; 16\u00a0 hverdag , aften &amp; weekend &hellip; <a href=\"https:\/\/sa-auto-langerhuse.dk\/?page_id=26\">L\u00e6s resten <span class=\"meta-nav\">&rarr;<\/span><\/a><\/p>\n","protected":false},"author":1,"featured_media":0,"parent":0,"menu_order":0,"comment_status":"closed","ping_status":"closed","template":"","meta":{"footnotes":""},"class_list":["post-26","page","type-page","status-publish","hentry"],"_links":{"self":[{"href":"https:\/\/sa-auto-langerhuse.dk\/index.php?rest_route=\/wp\/v2\/pages\/26","targetHints":{"allow":["GET"]}}],"collection":[{"href":"https:\/\/sa-auto-langerhuse.dk\/index.php?rest_route=\/wp\/v2\/pages"}],"about":[{"href":"https:\/\/sa-auto-langerhuse.dk\/index.php?rest_route=\/wp\/v2\/types\/page"}],"author":[{"embeddable":true,"href":"https:\/\/sa-auto-langerhuse.dk\/index.php?rest_route=\/wp\/v2\/users\/1"}],"replies":[{"embeddable":true,"href":"https:\/\/sa-auto-langerhuse.dk\/index.php?rest_route=%2Fwp%2Fv2%2Fcomments&post=26"}],"version-history":[{"count":4,"href":"https:\/\/sa-auto-langerhuse.dk\/index.php?rest_route=\/wp\/v2\/pages\/26\/revisions"}],"predecessor-version":[{"id":380,"href":"https:\/\/sa-auto-langerhuse.dk\/index.php?rest_route=\/wp\/v2\/pages\/26\/revisions\/380"}],"wp:attachment":[{"href":"https:\/\/sa-auto-langerhuse.dk\/index.php?rest_route=%2Fwp%2Fv2%2Fmedia&parent=26"}],"curies":[{"name":"wp","href":"https:\/\/api.w.org\/{rel}","templated":true}]}}