{"id":2,"date":"2014-01-15T18:13:29","date_gmt":"2014-01-15T18:13:29","guid":{"rendered":"http:\/\/.\/?page_id=2"},"modified":"2023-12-13T13:20:31","modified_gmt":"2023-12-13T13:20:31","slug":"sample-page","status":"publish","type":"page","link":"https:\/\/sa-auto-langerhuse.dk\/?page_id=2","title":{"rendered":"Forsikringsskader"},"content":{"rendered":"\t\t<div data-elementor-type=\"wp-page\" data-elementor-id=\"2\" class=\"elementor elementor-2\">\n\t\t\t\t\t\t<section class=\"elementor-section elementor-top-section elementor-element elementor-element-1559b58 elementor-section-boxed elementor-section-height-default elementor-section-height-default\" data-id=\"1559b58\" data-element_type=\"section\" data-e-type=\"section\">\n\t\t\t\t\t\t<div class=\"elementor-container elementor-column-gap-default\">\n\t\t\t\t\t<div class=\"elementor-column elementor-col-50 elementor-top-column elementor-element elementor-element-5b691d7\" data-id=\"5b691d7\" data-element_type=\"column\" data-e-type=\"column\">\n\t\t\t<div class=\"elementor-widget-wrap elementor-element-populated\">\n\t\t\t\t\t\t<div class=\"elementor-element elementor-element-546d8bc elementor-widget elementor-widget-text-editor\" data-id=\"546d8bc\" data-element_type=\"widget\" data-e-type=\"widget\" data-widget_type=\"text-editor.default\">\n\t\t\t\t<div class=\"elementor-widget-container\">\n\t\t\t\t\t\t\t\t\t<p>Hos SA AUTO udf\u00f8rer vi forsikringsskader og er behj\u00e6lpelig med udfyldelse af skadesaneldelser mv.<\/p><p>mVi udskifter ogs\u00e5 bilruder<\/p><p>Desuden f\u00e5r du gratis l\u00e5nebil.<br \/><span style=\"color: var( --e-global-color-text );\">Det sikrer din tryghed for en rigtigt og fair behandling.<\/span><\/p>\t\t\t\t\t\t\t\t<\/div>\n\t\t\t\t<\/div>\n\t\t\t\t\t<\/div>\n\t\t<\/div>\n\t\t\t\t<div class=\"elementor-column elementor-col-50 elementor-top-column elementor-element elementor-element-afcfc99\" data-id=\"afcfc99\" data-element_type=\"column\" data-e-type=\"column\">\n\t\t\t<div class=\"elementor-widget-wrap\">\n\t\t\t\t\t\t\t<\/div>\n\t\t<\/div>\n\t\t\t\t\t<\/div>\n\t\t<\/section>\n\t\t\t\t<section class=\"elementor-section elementor-top-section elementor-element elementor-element-ba19523 elementor-section-boxed elementor-section-height-default elementor-section-height-default\" data-id=\"ba19523\" data-element_type=\"section\" data-e-type=\"section\">\n\t\t\t\t\t\t<div class=\"elementor-container elementor-column-gap-default\">\n\t\t\t\t\t<div class=\"elementor-column elementor-col-100 elementor-top-column elementor-element elementor-element-e3e7675\" data-id=\"e3e7675\" data-element_type=\"column\" data-e-type=\"column\">\n\t\t\t<div class=\"elementor-widget-wrap\">\n\t\t\t\t\t\t\t<\/div>\n\t\t<\/div>\n\t\t\t\t\t<\/div>\n\t\t<\/section>\n\t\t\t\t<\/div>\n\t\t","protected":false},"excerpt":{"rendered":"<p>Hos SA AUTO udf\u00f8rer vi forsikringsskader og er behj\u00e6lpelig med udfyldelse af skadesaneldelser mv. mVi udskifter ogs\u00e5 bilruder Desuden f\u00e5r du gratis l\u00e5nebil.Det sikrer din tryghed for en rigtigt og fair behandling.<\/p>\n","protected":false},"author":1,"featured_media":0,"parent":0,"menu_order":0,"comment_status":"closed","ping_status":"closed","template":"","meta":{"footnotes":""},"class_list":["post-2","page","type-page","status-publish","hentry"],"_links":{"self":[{"href":"https:\/\/sa-auto-langerhuse.dk\/index.php?rest_route=\/wp\/v2\/pages\/2","targetHints":{"allow":["GET"]}}],"collection":[{"href":"https:\/\/sa-auto-langerhuse.dk\/index.php?rest_route=\/wp\/v2\/pages"}],"about":[{"href":"https:\/\/sa-auto-langerhuse.dk\/index.php?rest_route=\/wp\/v2\/types\/page"}],"author":[{"embeddable":true,"href":"https:\/\/sa-auto-langerhuse.dk\/index.php?rest_route=\/wp\/v2\/users\/1"}],"replies":[{"embeddable":true,"href":"https:\/\/sa-auto-langerhuse.dk\/index.php?rest_route=%2Fwp%2Fv2%2Fcomments&post=2"}],"version-history":[{"count":9,"href":"https:\/\/sa-auto-langerhuse.dk\/index.php?rest_route=\/wp\/v2\/pages\/2\/revisions"}],"predecessor-version":[{"id":422,"href":"https:\/\/sa-auto-langerhuse.dk\/index.php?rest_route=\/wp\/v2\/pages\/2\/revisions\/422"}],"wp:attachment":[{"href":"https:\/\/sa-auto-langerhuse.dk\/index.php?rest_route=%2Fwp%2Fv2%2Fmedia&parent=2"}],"curies":[{"name":"wp","href":"https:\/\/api.w.org\/{rel}","templated":true}]}}