{"id":13,"date":"2014-04-15T17:20:37","date_gmt":"2014-04-15T17:20:37","guid":{"rendered":"http:\/\/sa-auto-langerhuse.dk\/?page_id=13"},"modified":"2022-11-10T17:15:32","modified_gmt":"2022-11-10T17:15:32","slug":"klargoring-reparation","status":"publish","type":"page","link":"https:\/\/sa-auto-langerhuse.dk\/?page_id=13","title":{"rendered":"Klarg\u00f8ring &#038; Reparation"},"content":{"rendered":"<h1>\u00a0<\/h1>\n<h1 style=\"text-align: center;\">KLARG\u00d8RNG &amp; REPARATION<\/h1>\n<div id='gallery-1' class='gallery galleryid-13 gallery-columns-3 gallery-size-thumbnail'><dl class='gallery-item'>\n\t\t\t<dt class='gallery-icon portrait'>\n\t\t\t\t<a href='https:\/\/sa-auto-langerhuse.dk\/?attachment_id=371'><img decoding=\"async\" width=\"150\" height=\"150\" src=\"https:\/\/sa-auto-langerhuse.dk\/wp-content\/uploads\/2022\/11\/Unavngivet-1-150x150.jpg\" class=\"attachment-thumbnail size-thumbnail\" alt=\"\" \/><\/a>\n\t\t\t<\/dt><\/dl><dl class='gallery-item'>\n\t\t\t<dt class='gallery-icon landscape'>\n\t\t\t\t<a href='https:\/\/sa-auto-langerhuse.dk\/?attachment_id=374'><img decoding=\"async\" width=\"150\" height=\"150\" src=\"https:\/\/sa-auto-langerhuse.dk\/wp-content\/uploads\/2022\/11\/Unavngivet-150x150.jpg\" class=\"attachment-thumbnail size-thumbnail\" alt=\"\" \/><\/a>\n\t\t\t<\/dt><\/dl><dl class='gallery-item'>\n\t\t\t<dt class='gallery-icon portrait'>\n\t\t\t\t<a href='https:\/\/sa-auto-langerhuse.dk\/?attachment_id=372'><img decoding=\"async\" width=\"150\" height=\"150\" src=\"https:\/\/sa-auto-langerhuse.dk\/wp-content\/uploads\/2022\/11\/Unavngivet-2-150x150.jpg\" class=\"attachment-thumbnail size-thumbnail\" alt=\"\" \/><\/a>\n\t\t\t<\/dt><\/dl><br style=\"clear: both\" \/>\n\t\t<\/div>\n\n<p>\u00a0<\/p>\n<div>\n<p style=\"text-align: center;\"><strong>\u00a0 : Salg af nye d\u00e6k og f\u00e6lge af alle m\u00e6rker\u00a0 konkurrence dygtige priser\u00a0<\/strong><\/p>\n<p style=\"text-align: center;\"><strong>:Reparation af stenslag &amp; udskiftning af bilruder p\u00e5 ALLE bilm\u00e6rker<\/strong><\/p>\n<p style=\"text-align: center;\"><strong>: V\u00e6rkstedet har seneste nye Diagramudstyrtil alle bilm\u00e6rker .<\/strong><\/p>\n<p style=\"text-align: center;\"><strong>:4 hjuls udm\u00e5ling<\/strong><\/p>\n<p style=\"text-align: center;\"><strong>:Klarg\u00f8ring til syn<\/strong><\/p>\n<p style=\"text-align: right;\">\u00a0<\/p>\n<\/div>\n\n\n<p><\/p>\n","protected":false},"excerpt":{"rendered":"<p>\u00a0 KLARG\u00d8RNG &amp; REPARATION \u00a0 \u00a0 : Salg af nye d\u00e6k og f\u00e6lge af alle m\u00e6rker\u00a0 konkurrence dygtige priser\u00a0 :Reparation af stenslag &amp; udskiftning af bilruder p\u00e5 ALLE bilm\u00e6rker : V\u00e6rkstedet har seneste nye Diagramudstyrtil alle bilm\u00e6rker . :4 hjuls &hellip; <a href=\"https:\/\/sa-auto-langerhuse.dk\/?page_id=13\">L\u00e6s resten <span class=\"meta-nav\">&rarr;<\/span><\/a><\/p>\n","protected":false},"author":1,"featured_media":0,"parent":95,"menu_order":0,"comment_status":"closed","ping_status":"closed","template":"","meta":{"footnotes":""},"class_list":["post-13","page","type-page","status-publish","hentry"],"_links":{"self":[{"href":"https:\/\/sa-auto-langerhuse.dk\/index.php?rest_route=\/wp\/v2\/pages\/13","targetHints":{"allow":["GET"]}}],"collection":[{"href":"https:\/\/sa-auto-langerhuse.dk\/index.php?rest_route=\/wp\/v2\/pages"}],"about":[{"href":"https:\/\/sa-auto-langerhuse.dk\/index.php?rest_route=\/wp\/v2\/types\/page"}],"author":[{"embeddable":true,"href":"https:\/\/sa-auto-langerhuse.dk\/index.php?rest_route=\/wp\/v2\/users\/1"}],"replies":[{"embeddable":true,"href":"https:\/\/sa-auto-langerhuse.dk\/index.php?rest_route=%2Fwp%2Fv2%2Fcomments&post=13"}],"version-history":[{"count":5,"href":"https:\/\/sa-auto-langerhuse.dk\/index.php?rest_route=\/wp\/v2\/pages\/13\/revisions"}],"predecessor-version":[{"id":383,"href":"https:\/\/sa-auto-langerhuse.dk\/index.php?rest_route=\/wp\/v2\/pages\/13\/revisions\/383"}],"up":[{"embeddable":true,"href":"https:\/\/sa-auto-langerhuse.dk\/index.php?rest_route=\/wp\/v2\/pages\/95"}],"wp:attachment":[{"href":"https:\/\/sa-auto-langerhuse.dk\/index.php?rest_route=%2Fwp%2Fv2%2Fmedia&parent=13"}],"curies":[{"name":"wp","href":"https:\/\/api.w.org\/{rel}","templated":true}]}}